{"id":135,"date":"2024-09-23T11:50:58","date_gmt":"2024-09-23T14:50:58","guid":{"rendered":"https:\/\/atsa.org.ar\/afiliate\/?page_id=135"},"modified":"2024-12-19T16:26:37","modified_gmt":"2024-12-19T19:26:37","slug":"afiliate-test","status":"publish","type":"page","link":"https:\/\/atsa.org.ar\/afiliate\/","title":{"rendered":"afiliate"},"content":{"rendered":"\t\t<div data-elementor-type=\"wp-page\" data-elementor-id=\"135\" class=\"elementor elementor-135\" data-elementor-post-type=\"page\">\n\t\t\t\t<div class=\"elementor-element elementor-element-97e629c e-con-full e-flex e-con e-parent\" data-id=\"97e629c\" data-element_type=\"container\">\n\t\t<div class=\"elementor-element elementor-element-91312ff e-con-full e-flex e-con e-child\" data-id=\"91312ff\" data-element_type=\"container\" data-settings=\"{&quot;background_background&quot;:&quot;classic&quot;}\">\n\t\t\t\t<div class=\"elementor-element elementor-element-f79b608 elementor-widget elementor-widget-heading\" data-id=\"f79b608\" data-element_type=\"widget\" data-widget_type=\"heading.default\">\n\t\t\t\t<div class=\"elementor-widget-container\">\n\t\t\t\t\t<h2 class=\"elementor-heading-title elementor-size-default\">\u00a1Tu voz es importante!<\/h2>\t\t\t\t<\/div>\n\t\t\t\t<\/div>\n\t\t\t\t<div class=\"elementor-element elementor-element-93ea476 elementor-widget elementor-widget-text-editor\" data-id=\"93ea476\" data-element_type=\"widget\" data-widget_type=\"text-editor.default\">\n\t\t\t\t<div class=\"elementor-widget-container\">\n\t\t\t\t\t\t\t\t\t<p>Sumate a Atsa Buenos Aires y sigamos juntxs defendiendo los derechos de todos lxs trabajadorxs de Sanidad.<\/p>\t\t\t\t\t\t\t\t<\/div>\n\t\t\t\t<\/div>\n\t\t\t\t<div class=\"elementor-element elementor-element-ab2cced elementor-align-left elementor-mobile-align-center elementor-widget elementor-widget-button\" data-id=\"ab2cced\" data-element_type=\"widget\" data-widget_type=\"button.default\">\n\t\t\t\t<div class=\"elementor-widget-container\">\n\t\t\t\t\t\t\t\t\t<div class=\"elementor-button-wrapper\">\n\t\t\t\t\t<a class=\"elementor-button elementor-button-link elementor-size-sm\" href=\"#preafiliacion\">\n\t\t\t\t\t\t<span class=\"elementor-button-content-wrapper\">\n\t\t\t\t\t\t\t\t\t<span class=\"elementor-button-text\">HAC\u00c9 TU PREAFILIACI\u00d3N AC\u00c1<\/span>\n\t\t\t\t\t<\/span>\n\t\t\t\t\t<\/a>\n\t\t\t\t<\/div>\n\t\t\t\t\t\t\t\t<\/div>\n\t\t\t\t<\/div>\n\t\t\t\t<\/div>\n\t\t<div class=\"elementor-element elementor-element-3786cc6 e-con-full e-flex e-con e-child\" data-id=\"3786cc6\" data-element_type=\"container\">\n\t\t\t\t<div class=\"elementor-element elementor-element-e32f80a elementor-widget elementor-widget-video\" data-id=\"e32f80a\" data-element_type=\"widget\" data-settings=\"{&quot;youtube_url&quot;:&quot;https:\\\/\\\/www.youtube.com\\\/watch?v=PBaonDL3P3o&quot;,&quot;autoplay&quot;:&quot;yes&quot;,&quot;play_on_mobile&quot;:&quot;yes&quot;,&quot;mute&quot;:&quot;yes&quot;,&quot;loop&quot;:&quot;yes&quot;,&quot;video_type&quot;:&quot;youtube&quot;}\" data-widget_type=\"video.default\">\n\t\t\t\t<div class=\"elementor-widget-container\">\n\t\t\t\t\t\t\t<div class=\"elementor-wrapper elementor-open-inline\">\n\t\t\t<div class=\"elementor-video\"><\/div>\t\t<\/div>\n\t\t\t\t\t\t<\/div>\n\t\t\t\t<\/div>\n\t\t\t\t<\/div>\n\t\t\t\t<\/div>\n\t\t<div class=\"elementor-element elementor-element-58a52db e-flex e-con-boxed e-con e-parent\" data-id=\"58a52db\" data-element_type=\"container\" data-settings=\"{&quot;background_background&quot;:&quot;gradient&quot;}\">\n\t\t\t\t\t<div class=\"e-con-inner\">\n\t\t\t\t<div class=\"elementor-element elementor-element-5ecda29 elementor-invisible elementor-widget elementor-widget-heading\" data-id=\"5ecda29\" data-element_type=\"widget\" data-settings=\"{&quot;_animation&quot;:&quot;fadeInUp&quot;}\" data-widget_type=\"heading.default\">\n\t\t\t\t<div class=\"elementor-widget-container\">\n\t\t\t\t\t<h2 class=\"elementor-heading-title elementor-size-default\">Estamos presentes en m\u00e1s de 300 establecimientos <br>con m\u00e1s de 900 delegados defendiendo los <br>DERECHOS DE LXS TRABAJADORXS DE SANIDAD.<\/h2>\t\t\t\t<\/div>\n\t\t\t\t<\/div>\n\t\t\t\t\t<\/div>\n\t\t\t\t<\/div>\n\t\t<div class=\"elementor-element elementor-element-a0aa792 e-con-full e-flex e-con e-parent\" data-id=\"a0aa792\" data-element_type=\"container\">\n\t\t\t\t<div class=\"elementor-element elementor-element-6d39c62 elementor-arrows-position-inside elementor-widget elementor-widget-image-carousel\" data-id=\"6d39c62\" data-element_type=\"widget\" data-settings=\"{&quot;slides_to_show&quot;:&quot;5&quot;,&quot;navigation&quot;:&quot;arrows&quot;,&quot;autoplay&quot;:&quot;yes&quot;,&quot;pause_on_hover&quot;:&quot;yes&quot;,&quot;pause_on_interaction&quot;:&quot;yes&quot;,&quot;autoplay_speed&quot;:5000,&quot;infinite&quot;:&quot;yes&quot;,&quot;speed&quot;:500}\" data-widget_type=\"image-carousel.default\">\n\t\t\t\t<div class=\"elementor-widget-container\">\n\t\t\t\t\t\t\t<div class=\"elementor-image-carousel-wrapper swiper\" role=\"region\" aria-roledescription=\"carousel\" aria-label=\"Carrusel de im\u00e1genes\" dir=\"ltr\">\n\t\t\t<div class=\"elementor-image-carousel swiper-wrapper swiper-image-stretch\" aria-live=\"off\">\n\t\t\t\t\t\t\t\t<div class=\"swiper-slide\" role=\"group\" aria-roledescription=\"slide\" aria-label=\"1 of 7\"><figure class=\"swiper-slide-inner\"><img decoding=\"async\" class=\"swiper-slide-image\" src=\"https:\/\/atsa.org.ar\/afiliate\/wp-content\/uploads\/2024\/10\/Mesa-de-trabajo-\u2013-3.png\" alt=\"Mesa de trabajo \u2013 3\" \/><\/figure><\/div><div class=\"swiper-slide\" role=\"group\" aria-roledescription=\"slide\" aria-label=\"2 of 7\"><figure class=\"swiper-slide-inner\"><img decoding=\"async\" class=\"swiper-slide-image\" src=\"https:\/\/atsa.org.ar\/afiliate\/wp-content\/uploads\/2024\/10\/Mesa-de-trabajo-\u2013-4.png\" alt=\"Mesa de trabajo \u2013 4\" \/><\/figure><\/div><div class=\"swiper-slide\" role=\"group\" aria-roledescription=\"slide\" aria-label=\"3 of 7\"><figure class=\"swiper-slide-inner\"><img decoding=\"async\" class=\"swiper-slide-image\" src=\"https:\/\/atsa.org.ar\/afiliate\/wp-content\/uploads\/2024\/10\/Mesa-de-trabajo-\u2013-5.png\" alt=\"Mesa de trabajo \u2013 5\" \/><\/figure><\/div><div class=\"swiper-slide\" role=\"group\" aria-roledescription=\"slide\" aria-label=\"4 of 7\"><figure class=\"swiper-slide-inner\"><img decoding=\"async\" class=\"swiper-slide-image\" src=\"https:\/\/atsa.org.ar\/afiliate\/wp-content\/uploads\/2024\/10\/Mesa-de-trabajo-\u2013-6.png\" alt=\"Mesa de trabajo \u2013 6\" \/><\/figure><\/div><div class=\"swiper-slide\" role=\"group\" aria-roledescription=\"slide\" aria-label=\"5 of 7\"><figure class=\"swiper-slide-inner\"><img decoding=\"async\" class=\"swiper-slide-image\" src=\"https:\/\/atsa.org.ar\/afiliate\/wp-content\/uploads\/2024\/10\/Mesa-de-trabajo-\u2013-7.png\" alt=\"Mesa de trabajo \u2013 7\" \/><\/figure><\/div><div class=\"swiper-slide\" role=\"group\" aria-roledescription=\"slide\" aria-label=\"6 of 7\"><figure class=\"swiper-slide-inner\"><img decoding=\"async\" class=\"swiper-slide-image\" src=\"https:\/\/atsa.org.ar\/afiliate\/wp-content\/uploads\/2024\/10\/Mesa-de-trabajo-\u2013-2.png\" alt=\"Mesa de trabajo \u2013 2\" \/><\/figure><\/div><div class=\"swiper-slide\" role=\"group\" aria-roledescription=\"slide\" aria-label=\"7 of 7\"><figure class=\"swiper-slide-inner\"><img decoding=\"async\" class=\"swiper-slide-image\" src=\"https:\/\/atsa.org.ar\/afiliate\/wp-content\/uploads\/2024\/10\/Mesa-de-trabajo-\u2013-8.png\" alt=\"Mesa de trabajo \u2013 8\" \/><\/figure><\/div>\t\t\t<\/div>\n\t\t\t\t\t\t\t\t\t\t\t\t<div class=\"elementor-swiper-button elementor-swiper-button-prev\" role=\"button\" tabindex=\"0\">\n\t\t\t\t\t\t<svg aria-hidden=\"true\" class=\"e-font-icon-svg e-eicon-chevron-left\" viewBox=\"0 0 1000 1000\" xmlns=\"http:\/\/www.w3.org\/2000\/svg\"><path d=\"M646 125C629 125 613 133 604 142L308 442C296 454 292 471 292 487 292 504 296 521 308 533L604 854C617 867 629 875 646 875 663 875 679 871 692 858 704 846 713 829 713 812 713 796 708 779 692 767L438 487 692 225C700 217 708 204 708 187 708 171 704 154 692 142 675 129 663 125 646 125Z\"><\/path><\/svg>\t\t\t\t\t<\/div>\n\t\t\t\t\t<div class=\"elementor-swiper-button elementor-swiper-button-next\" role=\"button\" tabindex=\"0\">\n\t\t\t\t\t\t<svg aria-hidden=\"true\" class=\"e-font-icon-svg e-eicon-chevron-right\" viewBox=\"0 0 1000 1000\" xmlns=\"http:\/\/www.w3.org\/2000\/svg\"><path d=\"M696 533C708 521 713 504 713 487 713 471 708 454 696 446L400 146C388 133 375 125 354 125 338 125 325 129 313 142 300 154 292 171 292 187 292 204 296 221 308 233L563 492 304 771C292 783 288 800 288 817 288 833 296 850 308 863 321 871 338 875 354 875 371 875 388 867 400 854L696 533Z\"><\/path><\/svg>\t\t\t\t\t<\/div>\n\t\t\t\t\n\t\t\t\t\t\t\t\t\t<\/div>\n\t\t\t\t\t\t<\/div>\n\t\t\t\t<\/div>\n\t\t\t\t<\/div>\n\t\t<div class=\"elementor-element elementor-element-614b709 e-flex e-con-boxed e-con e-parent\" data-id=\"614b709\" data-element_type=\"container\" data-settings=\"{&quot;background_background&quot;:&quot;gradient&quot;}\">\n\t\t\t\t\t<div class=\"e-con-inner\">\n\t\t\t\t<div class=\"elementor-element elementor-element-9890923 elementor-invisible elementor-widget elementor-widget-heading\" data-id=\"9890923\" data-element_type=\"widget\" data-settings=\"{&quot;_animation&quot;:&quot;fadeInUp&quot;}\" data-widget_type=\"heading.default\">\n\t\t\t\t<div class=\"elementor-widget-container\">\n\t\t\t\t\t<h2 class=\"elementor-heading-title elementor-size-default\">\u00a1Hac\u00e9 tu Preafiliaci\u00f3n!<\/h2>\t\t\t\t<\/div>\n\t\t\t\t<\/div>\n\t\t\t\t\t<\/div>\n\t\t\t\t<\/div>\n\t\t<div class=\"elementor-element elementor-element-a1b95cb e-flex e-con-boxed e-con e-parent\" data-id=\"a1b95cb\" data-element_type=\"container\">\n\t\t\t\t\t<div class=\"e-con-inner\">\n\t\t\t\t<div class=\"elementor-element elementor-element-219df97 elementor-widget elementor-widget-text-editor\" data-id=\"219df97\" data-element_type=\"widget\" data-widget_type=\"text-editor.default\">\n\t\t\t\t<div class=\"elementor-widget-container\">\n\t\t\t\t\t\t\t\t\t<p>Los datos que te pedimos a continuaci\u00f3n pod\u00e9s encontrarlos en tu recibo de sueldo. Complet\u00e1 el formulario y te llamamos para contarte c\u00f3mo sumarte.<\/p>\t\t\t\t\t\t\t\t<\/div>\n\t\t\t\t<\/div>\n\t\t\t\t\t<\/div>\n\t\t\t\t<\/div>\n\t\t<div class=\"elementor-element elementor-element-442fa8a e-flex e-con-boxed e-con e-parent\" data-id=\"442fa8a\" data-element_type=\"container\" id=\"preafiliacion\" data-settings=\"{&quot;background_background&quot;:&quot;classic&quot;}\">\n\t\t\t\t\t<div class=\"e-con-inner\">\n\t\t\t\t<div class=\"elementor-element elementor-element-6a7b7d2 elementor-widget elementor-widget-wpforms\" data-id=\"6a7b7d2\" data-element_type=\"widget\" data-widget_type=\"wpforms.default\">\n\t\t\t\t<div class=\"elementor-widget-container\">\n\t\t\t\t\t<div class=\"wpforms-container wpforms-container-full wpforms-render-modern\" id=\"wpforms-24\"><form id=\"wpforms-form-24\" class=\"wpforms-validate wpforms-form wpforms-ajax-form\" data-formid=\"24\" method=\"post\" enctype=\"multipart\/form-data\" action=\"\/afiliate\/wp-json\/wp\/v2\/pages\/135\" data-token=\"782ab10085fe0a88f278bc54c7d3b9da\" data-token-time=\"1778144745\"><noscript class=\"wpforms-error-noscript\">Please enable JavaScript in your browser to complete this form.<\/noscript><div id=\"wpforms-error-noscript\" style=\"display: none;\">Please enable JavaScript in your browser to complete this form.<\/div><div class=\"wpforms-field-container\"><div id=\"wpforms-24-field_1-container\" class=\"wpforms-field wpforms-field-text wpforms-one-half wpforms-first\" data-field-id=\"1\"><label class=\"wpforms-field-label wpforms-label-hide\" for=\"wpforms-24-field_1\" aria-hidden=\"false\">Apellidos <span class=\"wpforms-required-label\" aria-hidden=\"true\">*<\/span><\/label><input type=\"text\" id=\"wpforms-24-field_1\" class=\"wpforms-field-large wpforms-field-required\" name=\"wpforms[fields][1]\" placeholder=\"Apellidos\" aria-errormessage=\"wpforms-24-field_1-error\" required><\/div><div id=\"wpforms-24-field_2-container\" class=\"wpforms-field wpforms-field-text wpforms-one-half\" data-field-id=\"2\"><label class=\"wpforms-field-label wpforms-label-hide\" for=\"wpforms-24-field_2\" aria-hidden=\"false\">Nombres <span class=\"wpforms-required-label\" aria-hidden=\"true\">*<\/span><\/label><input type=\"text\" id=\"wpforms-24-field_2\" class=\"wpforms-field-large wpforms-field-required\" name=\"wpforms[fields][2]\" placeholder=\"Nombres\" aria-errormessage=\"wpforms-24-field_2-error\" required><\/div><div id=\"wpforms-24-field_3-container\" class=\"wpforms-field wpforms-field-text wpforms-one-half wpforms-first\" data-field-id=\"3\"><label class=\"wpforms-field-label wpforms-label-hide\" for=\"wpforms-24-field_3\" aria-hidden=\"false\">DNI <span class=\"wpforms-required-label\" aria-hidden=\"true\">*<\/span><\/label><input type=\"text\" id=\"wpforms-24-field_3\" class=\"wpforms-field-large wpforms-field-required\" name=\"wpforms[fields][3]\" placeholder=\"DNI\" aria-errormessage=\"wpforms-24-field_3-error\" required><\/div><div id=\"wpforms-24-field_4-container\" class=\"wpforms-field wpforms-field-text wpforms-one-half\" data-field-id=\"4\"><label class=\"wpforms-field-label wpforms-label-hide\" for=\"wpforms-24-field_4\" aria-hidden=\"false\">CUIL <span class=\"wpforms-required-label\" aria-hidden=\"true\">*<\/span><\/label><input type=\"text\" id=\"wpforms-24-field_4\" class=\"wpforms-field-large wpforms-field-required\" name=\"wpforms[fields][4]\" placeholder=\"CUIL\" aria-errormessage=\"wpforms-24-field_4-error\" required><\/div><div id=\"wpforms-24-field_5-container\" class=\"wpforms-field wpforms-field-text wpforms-one-half wpforms-first\" data-field-id=\"5\"><label class=\"wpforms-field-label wpforms-label-hide\" for=\"wpforms-24-field_5\" aria-hidden=\"false\">CUIT de la empresa <span class=\"wpforms-required-label\" aria-hidden=\"true\">*<\/span><\/label><input type=\"text\" id=\"wpforms-24-field_5\" class=\"wpforms-field-large wpforms-field-required\" name=\"wpforms[fields][5]\" placeholder=\"CUIT de la empresa\" aria-errormessage=\"wpforms-24-field_5-error\" required><\/div><div id=\"wpforms-24-field_6-container\" class=\"wpforms-field wpforms-field-text wpforms-one-half\" data-field-id=\"6\"><label class=\"wpforms-field-label wpforms-label-hide\" for=\"wpforms-24-field_6\" aria-hidden=\"false\">Fecha de ingreso a la empresa <span class=\"wpforms-required-label\" aria-hidden=\"true\">*<\/span><\/label><input type=\"text\" id=\"wpforms-24-field_6\" class=\"wpforms-field-large wpforms-field-required\" name=\"wpforms[fields][6]\" placeholder=\"Fecha de ingreso a la empresa\" aria-errormessage=\"wpforms-24-field_6-error\" required><\/div><div id=\"wpforms-24-field_7-container\" class=\"wpforms-field wpforms-field-number wpforms-one-half wpforms-first\" data-field-id=\"7\"><label class=\"wpforms-field-label wpforms-label-hide\" for=\"wpforms-24-field_7\" aria-hidden=\"false\">Tel\u00e9fono Particular <span class=\"wpforms-required-label\" aria-hidden=\"true\">*<\/span><\/label><input type=\"number\" id=\"wpforms-24-field_7\" class=\"wpforms-field-large wpforms-field-required\" name=\"wpforms[fields][7]\" placeholder=\"Tel\u00e9fono Particular\" step=\"any\" aria-errormessage=\"wpforms-24-field_7-error\" required><\/div><div id=\"wpforms-24-field_8-container\" class=\"wpforms-field wpforms-field-number wpforms-one-half\" data-field-id=\"8\"><label class=\"wpforms-field-label wpforms-label-hide\" for=\"wpforms-24-field_8\" aria-hidden=\"false\">Celular <span class=\"wpforms-required-label\" aria-hidden=\"true\">*<\/span><\/label><input type=\"number\" id=\"wpforms-24-field_8\" class=\"wpforms-field-large wpforms-field-required\" name=\"wpforms[fields][8]\" placeholder=\"Celular\" step=\"any\" aria-errormessage=\"wpforms-24-field_8-error\" required><\/div><div id=\"wpforms-24-field_9-container\" class=\"wpforms-field wpforms-field-email wpforms-one-half wpforms-first\" data-field-id=\"9\"><label class=\"wpforms-field-label wpforms-label-hide\" for=\"wpforms-24-field_9\" aria-hidden=\"false\">Email <span class=\"wpforms-required-label\" aria-hidden=\"true\">*<\/span><\/label><input type=\"email\" id=\"wpforms-24-field_9\" class=\"wpforms-field-large wpforms-field-required\" name=\"wpforms[fields][9]\" placeholder=\"Email\" spellcheck=\"false\" aria-errormessage=\"wpforms-24-field_9-error\" required><\/div><div id=\"wpforms-24-field_10-container\" class=\"wpforms-field wpforms-field-text wpforms-one-half\" data-field-id=\"10\"><label class=\"wpforms-field-label wpforms-label-hide\" for=\"wpforms-24-field_10\" aria-hidden=\"false\">Domicilio Laboral <span class=\"wpforms-required-label\" aria-hidden=\"true\">*<\/span><\/label><input type=\"text\" id=\"wpforms-24-field_10\" class=\"wpforms-field-large wpforms-field-required\" name=\"wpforms[fields][10]\" placeholder=\"Calle\" aria-errormessage=\"wpforms-24-field_10-error\" required><\/div><div id=\"wpforms-24-field_11-container\" class=\"wpforms-field wpforms-field-text wpforms-one-half wpforms-first\" data-field-id=\"11\"><label class=\"wpforms-field-label wpforms-label-hide\" for=\"wpforms-24-field_11\" aria-hidden=\"false\">Altura <span class=\"wpforms-required-label\" aria-hidden=\"true\">*<\/span><\/label><input type=\"text\" id=\"wpforms-24-field_11\" class=\"wpforms-field-large wpforms-field-required\" name=\"wpforms[fields][11]\" placeholder=\"Altura\" aria-errormessage=\"wpforms-24-field_11-error\" required><\/div><div id=\"wpforms-24-field_13-container\" class=\"wpforms-field wpforms-field-select wpforms-one-half wpforms-field-select-style-classic\" data-field-id=\"13\"><label class=\"wpforms-field-label wpforms-label-hide\" for=\"wpforms-24-field_13\" aria-hidden=\"false\">Seleccionar ciudad <span class=\"wpforms-required-label\" aria-hidden=\"true\">*<\/span><\/label><select id=\"wpforms-24-field_13\" class=\"wpforms-field-large wpforms-field-required\" name=\"wpforms[fields][13]\" required=\"required\"><option value=\"\" class=\"placeholder\" disabled  selected='selected'>Selecciona ciudad<\/option><option value=\"CABA\" >CABA<\/option><option value=\"Buenos Aires\" >Buenos Aires<\/option><option value=\"Catamarca\" >Catamarca<\/option><option value=\"Chaco\" >Chaco<\/option><option value=\"Chubut\" >Chubut<\/option><option value=\"C\u00f3rdoba\" >C\u00f3rdoba<\/option><option value=\"Corrientes\" >Corrientes<\/option><option value=\"Entre R\u00edos\" >Entre R\u00edos<\/option><option value=\"Formosa\" >Formosa<\/option><option value=\"Jujuy\" >Jujuy<\/option><option value=\"La Pampa\" >La Pampa<\/option><option value=\"La Rioja\" >La Rioja<\/option><option value=\"Mendoza\" >Mendoza<\/option><option value=\"Misiones\" >Misiones<\/option><option value=\"Neuqu\u00e9n\" >Neuqu\u00e9n<\/option><option value=\"R\u00edo Negro\" >R\u00edo Negro<\/option><option value=\"Salta\" >Salta<\/option><option value=\"San Juan\" >San Juan<\/option><option value=\"San Luis\" >San Luis<\/option><option value=\"Santa Cruz\" >Santa Cruz<\/option><option value=\"Santa F\u00e9\" >Santa F\u00e9<\/option><option value=\"Santiago del Estero\" >Santiago del Estero<\/option><option value=\"Tierra del fuego\" >Tierra del fuego<\/option><option value=\"Tucum\u00e1n\" >Tucum\u00e1n<\/option><\/select><\/div><\/div><!-- .wpforms-field-container --><div class=\"wpforms-submit-container\" ><input type=\"hidden\" name=\"wpforms[id]\" value=\"24\"><input type=\"hidden\" name=\"page_title\" value=\"\"><input type=\"hidden\" name=\"page_url\" value=\"https:\/\/atsa.org.ar\/afiliate\/wp-json\/wp\/v2\/pages\/135\"><input type=\"hidden\" name=\"url_referer\" value=\"\"><button type=\"submit\" name=\"wpforms[submit]\" id=\"wpforms-submit-24\" class=\"wpforms-submit\" data-alt-text=\"Enviando ...\" data-submit-text=\"\u00a1PREAFILIATE AC\u00c1!\" aria-live=\"assertive\" value=\"wpforms-submit\">\u00a1PREAFILIATE AC\u00c1!<\/button><img decoding=\"async\" src=\"https:\/\/atsa.org.ar\/afiliate\/wp-content\/plugins\/wpforms-lite\/assets\/images\/submit-spin.svg\" class=\"wpforms-submit-spinner\" style=\"display: none;\" width=\"26\" height=\"26\" alt=\"Loading\"><\/div><\/form><\/div>  <!-- .wpforms-container -->\t\t\t\t<\/div>\n\t\t\t\t<\/div>\n\t\t\t\t\t<\/div>\n\t\t\t\t<\/div>\n\t\t<div class=\"elementor-element elementor-element-f76003f e-flex e-con-boxed e-con e-parent\" data-id=\"f76003f\" data-element_type=\"container\" data-settings=\"{&quot;background_background&quot;:&quot;classic&quot;}\">\n\t\t\t\t\t<div class=\"e-con-inner\">\n\t\t\t\t<div class=\"elementor-element elementor-element-2121a30 elementor-widget elementor-widget-heading\" data-id=\"2121a30\" data-element_type=\"widget\" data-widget_type=\"heading.default\">\n\t\t\t\t<div class=\"elementor-widget-container\">\n\t\t\t\t\t<h2 class=\"elementor-heading-title elementor-size-default\">UNIDAD, SOLIDARIDAD Y ORGANIZACI\u00d3N<\/h2>\t\t\t\t<\/div>\n\t\t\t\t<\/div>\n\t\t\t\t\t<\/div>\n\t\t\t\t<\/div>\n\t\t\t\t<\/div>\n\t\t","protected":false},"excerpt":{"rendered":"<p>\u00a1Tu voz es importante! Sumate a Atsa Buenos Aires y sigamos juntxs defendiendo los derechos de todos lxs trabajadorxs de Sanidad. HAC\u00c9 TU PREAFILIACI\u00d3N AC\u00c1 Estamos presentes en m\u00e1s de 300 establecimientos con m\u00e1s de 900 delegados defendiendo los DERECHOS DE LXS TRABAJADORXS DE SANIDAD. \u00a1Hac\u00e9 tu Preafiliaci\u00f3n! Los datos que te pedimos a continuaci\u00f3n [&hellip;]<\/p>\n","protected":false},"author":1,"featured_media":0,"parent":0,"menu_order":0,"comment_status":"closed","ping_status":"closed","template":"elementor_canvas","meta":{"footnotes":""},"class_list":["post-135","page","type-page","status-publish","hentry"],"_links":{"self":[{"href":"https:\/\/atsa.org.ar\/afiliate\/wp-json\/wp\/v2\/pages\/135","targetHints":{"allow":["GET"]}}],"collection":[{"href":"https:\/\/atsa.org.ar\/afiliate\/wp-json\/wp\/v2\/pages"}],"about":[{"href":"https:\/\/atsa.org.ar\/afiliate\/wp-json\/wp\/v2\/types\/page"}],"author":[{"embeddable":true,"href":"https:\/\/atsa.org.ar\/afiliate\/wp-json\/wp\/v2\/users\/1"}],"replies":[{"embeddable":true,"href":"https:\/\/atsa.org.ar\/afiliate\/wp-json\/wp\/v2\/comments?post=135"}],"version-history":[{"count":213,"href":"https:\/\/atsa.org.ar\/afiliate\/wp-json\/wp\/v2\/pages\/135\/revisions"}],"predecessor-version":[{"id":414,"href":"https:\/\/atsa.org.ar\/afiliate\/wp-json\/wp\/v2\/pages\/135\/revisions\/414"}],"wp:attachment":[{"href":"https:\/\/atsa.org.ar\/afiliate\/wp-json\/wp\/v2\/media?parent=135"}],"curies":[{"name":"wp","href":"https:\/\/api.w.org\/{rel}","templated":true}]}}