{"id":10,"date":"2024-06-26T16:51:33","date_gmt":"2024-06-26T19:51:33","guid":{"rendered":"https:\/\/atsa.org.ar\/preafiliacion\/?page_id=10"},"modified":"2024-06-27T10:44:46","modified_gmt":"2024-06-27T13:44:46","slug":"preafiliacion","status":"publish","type":"page","link":"https:\/\/atsa.org.ar\/preafiliacion\/","title":{"rendered":"preafiliacion"},"content":{"rendered":"\t\t<div data-elementor-type=\"wp-page\" data-elementor-id=\"10\" class=\"elementor elementor-10\" data-elementor-post-type=\"page\">\n\t\t\t\t<div class=\"elementor-element elementor-element-1bd5b9e e-flex e-con-boxed e-con e-parent\" data-id=\"1bd5b9e\" data-element_type=\"container\" data-settings=\"{&quot;background_background&quot;:&quot;classic&quot;}\">\n\t\t\t\t\t<div class=\"e-con-inner\">\n\t\t<div class=\"elementor-element elementor-element-38aede8 e-con-full e-flex e-con e-child\" data-id=\"38aede8\" data-element_type=\"container\">\n\t\t\t\t<div class=\"elementor-element elementor-element-b45bd4e elementor-widget elementor-widget-heading\" data-id=\"b45bd4e\" data-element_type=\"widget\" data-widget_type=\"heading.default\">\n\t\t\t\t<div class=\"elementor-widget-container\">\n\t\t\t<style>\/*! elementor - v3.23.0 - 05-08-2024 *\/\n.elementor-heading-title{padding:0;margin:0;line-height:1}.elementor-widget-heading .elementor-heading-title[class*=elementor-size-]>a{color:inherit;font-size:inherit;line-height:inherit}.elementor-widget-heading .elementor-heading-title.elementor-size-small{font-size:15px}.elementor-widget-heading .elementor-heading-title.elementor-size-medium{font-size:19px}.elementor-widget-heading .elementor-heading-title.elementor-size-large{font-size:29px}.elementor-widget-heading .elementor-heading-title.elementor-size-xl{font-size:39px}.elementor-widget-heading .elementor-heading-title.elementor-size-xxl{font-size:59px}<\/style><h2 class=\"elementor-heading-title elementor-size-default\">VIV\u00cd EL SINDICATO M\u00c1S GRANDE DE CAPITAL FEDERAL<\/h2>\t\t<\/div>\n\t\t\t\t<\/div>\n\t\t\t\t<div class=\"elementor-element elementor-element-2078b1a elementor-widget elementor-widget-video\" data-id=\"2078b1a\" data-element_type=\"widget\" data-settings=\"{&quot;youtube_url&quot;:&quot;https:\\\/\\\/youtu.be\\\/rSif-aMqk30&quot;,&quot;video_type&quot;:&quot;youtube&quot;,&quot;controls&quot;:&quot;yes&quot;}\" data-widget_type=\"video.default\">\n\t\t\t\t<div class=\"elementor-widget-container\">\n\t\t\t<style>\/*! elementor - v3.23.0 - 05-08-2024 *\/\n.elementor-widget-video .elementor-widget-container{overflow:hidden;transform:translateZ(0)}.elementor-widget-video .elementor-wrapper{aspect-ratio:var(--video-aspect-ratio)}.elementor-widget-video .elementor-wrapper iframe,.elementor-widget-video .elementor-wrapper video{height:100%;width:100%;display:flex;border:none;background-color:#000}@supports not (aspect-ratio:1\/1){.elementor-widget-video .elementor-wrapper{position:relative;overflow:hidden;height:0;padding-bottom:calc(100% \/ var(--video-aspect-ratio))}.elementor-widget-video .elementor-wrapper iframe,.elementor-widget-video .elementor-wrapper video{position:absolute;top:0;right:0;bottom:0;left:0}}.elementor-widget-video .elementor-open-inline .elementor-custom-embed-image-overlay{position:absolute;top:0;right:0;bottom:0;left:0;background-size:cover;background-position:50%}.elementor-widget-video .elementor-custom-embed-image-overlay{cursor:pointer;text-align:center}.elementor-widget-video .elementor-custom-embed-image-overlay:hover .elementor-custom-embed-play i{opacity:1}.elementor-widget-video .elementor-custom-embed-image-overlay img{display:block;width:100%;aspect-ratio:var(--video-aspect-ratio);-o-object-fit:cover;object-fit:cover;-o-object-position:center center;object-position:center center}@supports not (aspect-ratio:1\/1){.elementor-widget-video .elementor-custom-embed-image-overlay{position:relative;overflow:hidden;height:0;padding-bottom:calc(100% \/ var(--video-aspect-ratio))}.elementor-widget-video .elementor-custom-embed-image-overlay img{position:absolute;top:0;right:0;bottom:0;left:0}}.elementor-widget-video .e-hosted-video .elementor-video{-o-object-fit:cover;object-fit:cover}.e-con-inner>.elementor-widget-video,.e-con>.elementor-widget-video{width:var(--container-widget-width);--flex-grow:var(--container-widget-flex-grow)}<\/style>\t\t<div class=\"elementor-wrapper elementor-open-inline\">\n\t\t\t<div class=\"elementor-video\"><\/div>\t\t<\/div>\n\t\t\t\t<\/div>\n\t\t\t\t<\/div>\n\t\t\t\t<div class=\"elementor-element elementor-element-180d14b elementor-widget elementor-widget-heading\" data-id=\"180d14b\" data-element_type=\"widget\" data-widget_type=\"heading.default\">\n\t\t\t\t<div class=\"elementor-widget-container\">\n\t\t\t<h2 class=\"elementor-heading-title elementor-size-default\">#VIV\u00cdSANIDAD<\/h2>\t\t<\/div>\n\t\t\t\t<\/div>\n\t\t\t\t<div class=\"elementor-element elementor-element-9679121 elementor-widget elementor-widget-heading\" data-id=\"9679121\" data-element_type=\"widget\" data-widget_type=\"heading.default\">\n\t\t\t\t<div class=\"elementor-widget-container\">\n\t\t\t<h2 class=\"elementor-heading-title elementor-size-default\">CONOC\u00c9 TODO LO QUE TENEMOS PARA VOS AC\u00c1<\/h2>\t\t<\/div>\n\t\t\t\t<\/div>\n\t\t\t\t<div class=\"elementor-element elementor-element-3df27af elementor-align-justify elementor-widget elementor-widget-button\" data-id=\"3df27af\" data-element_type=\"widget\" data-widget_type=\"button.default\">\n\t\t\t\t<div class=\"elementor-widget-container\">\n\t\t\t\t\t<div class=\"elementor-button-wrapper\">\n\t\t\t<a class=\"elementor-button elementor-button-link elementor-size-sm\" href=\"#\">\n\t\t\t\t\t\t<span class=\"elementor-button-content-wrapper\">\n\t\t\t\t\t\t\t\t\t<span class=\"elementor-button-text\">Ingres\u00e1 a Atsa.org.ar<\/span>\n\t\t\t\t\t<\/span>\n\t\t\t\t\t<\/a>\n\t\t<\/div>\n\t\t\t\t<\/div>\n\t\t\t\t<\/div>\n\t\t\t\t<\/div>\n\t\t<div class=\"elementor-element elementor-element-f30cd9a e-con-full e-flex e-con e-child\" data-id=\"f30cd9a\" data-element_type=\"container\" data-settings=\"{&quot;background_background&quot;:&quot;classic&quot;}\">\n\t\t\t\t<div class=\"elementor-element elementor-element-f95c667 elementor-widget elementor-widget-heading\" data-id=\"f95c667\" data-element_type=\"widget\" data-widget_type=\"heading.default\">\n\t\t\t\t<div class=\"elementor-widget-container\">\n\t\t\t<h2 class=\"elementor-heading-title elementor-size-default\">Hac\u00e9 tu pre-afiliaci\u00f3n on line<\/h2>\t\t<\/div>\n\t\t\t\t<\/div>\n\t\t\t\t<div class=\"elementor-element elementor-element-132479e elementor-widget elementor-widget-text-editor\" data-id=\"132479e\" data-element_type=\"widget\" data-widget_type=\"text-editor.default\">\n\t\t\t\t<div class=\"elementor-widget-container\">\n\t\t\t<style>\/*! elementor - v3.23.0 - 05-08-2024 *\/\n.elementor-widget-text-editor.elementor-drop-cap-view-stacked .elementor-drop-cap{background-color:#69727d;color:#fff}.elementor-widget-text-editor.elementor-drop-cap-view-framed .elementor-drop-cap{color:#69727d;border:3px solid;background-color:transparent}.elementor-widget-text-editor:not(.elementor-drop-cap-view-default) .elementor-drop-cap{margin-top:8px}.elementor-widget-text-editor:not(.elementor-drop-cap-view-default) .elementor-drop-cap-letter{width:1em;height:1em}.elementor-widget-text-editor .elementor-drop-cap{float:left;text-align:center;line-height:1;font-size:50px}.elementor-widget-text-editor .elementor-drop-cap-letter{display:inline-block}<\/style>\t\t\t\t<p>Los datos que te pedimos a continuaci\u00f3n pod\u00e9s encontrarlos en tu recibo de sueldo. Complet\u00e1 el formulario y te llamamos para contarte c\u00f3mo sumarte.<\/p>\t\t\t\t\t\t<\/div>\n\t\t\t\t<\/div>\n\t\t\t\t<div class=\"elementor-element elementor-element-d5f52a3 elementor-widget elementor-widget-wpforms\" data-id=\"d5f52a3\" data-element_type=\"widget\" data-widget_type=\"wpforms.default\">\n\t\t\t\t<div class=\"elementor-widget-container\">\n\t\t\t<style id=\"wpforms-css-vars-root\">\n\t\t\t\t:root {\n\t\t\t\t\t--wpforms-field-border-radius: 3px;\n--wpforms-field-border-style: solid;\n--wpforms-field-border-size: 1px;\n--wpforms-field-background-color: #ffffff;\n--wpforms-field-border-color: rgba( 0, 0, 0, 0.25 );\n--wpforms-field-border-color-spare: rgba( 0, 0, 0, 0.25 );\n--wpforms-field-text-color: rgba( 0, 0, 0, 0.7 );\n--wpforms-field-menu-color: #ffffff;\n--wpforms-label-color: rgba( 0, 0, 0, 0.85 );\n--wpforms-label-sublabel-color: rgba( 0, 0, 0, 0.55 );\n--wpforms-label-error-color: #d63637;\n--wpforms-button-border-radius: 3px;\n--wpforms-button-border-style: none;\n--wpforms-button-border-size: 1px;\n--wpforms-button-background-color: #066aab;\n--wpforms-button-border-color: #066aab;\n--wpforms-button-text-color: #ffffff;\n--wpforms-page-break-color: #066aab;\n--wpforms-background-image: none;\n--wpforms-background-position: center center;\n--wpforms-background-repeat: no-repeat;\n--wpforms-background-size: cover;\n--wpforms-background-width: 100px;\n--wpforms-background-height: 100px;\n--wpforms-background-color: rgba( 0, 0, 0, 0 );\n--wpforms-background-url: none;\n--wpforms-container-padding: 0px;\n--wpforms-container-border-style: none;\n--wpforms-container-border-width: 1px;\n--wpforms-container-border-color: #000000;\n--wpforms-container-border-radius: 3px;\n--wpforms-field-size-input-height: 43px;\n--wpforms-field-size-input-spacing: 15px;\n--wpforms-field-size-font-size: 16px;\n--wpforms-field-size-line-height: 19px;\n--wpforms-field-size-padding-h: 14px;\n--wpforms-field-size-checkbox-size: 16px;\n--wpforms-field-size-sublabel-spacing: 5px;\n--wpforms-field-size-icon-size: 1;\n--wpforms-label-size-font-size: 16px;\n--wpforms-label-size-line-height: 19px;\n--wpforms-label-size-sublabel-font-size: 14px;\n--wpforms-label-size-sublabel-line-height: 17px;\n--wpforms-button-size-font-size: 17px;\n--wpforms-button-size-height: 41px;\n--wpforms-button-size-padding-h: 15px;\n--wpforms-button-size-margin-top: 10px;\n--wpforms-container-shadow-size-box-shadow: none;\n\n\t\t\t\t}\n\t\t\t<\/style><style id=\"wpforms-css-vars-elementor-widget-d5f52a3\">\n\t\t\t\t.elementor-widget-wpforms.elementor-element-d5f52a3 {\n\t\t\t\t\t--wpforms-field-size-input-height: 43px;\n--wpforms-field-size-input-spacing: 15px;\n--wpforms-field-size-font-size: 16px;\n--wpforms-field-size-line-height: 19px;\n--wpforms-field-size-padding-h: 14px;\n--wpforms-field-size-checkbox-size: 16px;\n--wpforms-field-size-sublabel-spacing: 5px;\n--wpforms-field-size-icon-size: 1;\n--wpforms-label-size-font-size: 16px;\n--wpforms-label-size-line-height: 19px;\n--wpforms-label-size-sublabel-font-size: 14px;\n--wpforms-label-size-sublabel-line-height: 17px;\n--wpforms-button-size-font-size: 17px;\n--wpforms-button-size-height: 41px;\n--wpforms-button-size-padding-h: 15px;\n--wpforms-button-size-margin-top: 10px;\n\n\t\t\t\t}\n\t\t\t<\/style><div class=\"wpforms-container wpforms-container-full wpforms-render-modern\" id=\"wpforms-24\"><form id=\"wpforms-form-24\" class=\"wpforms-validate wpforms-form wpforms-ajax-form\" data-formid=\"24\" method=\"post\" enctype=\"multipart\/form-data\" action=\"\/preafiliacion\/wp-json\/wp\/v2\/pages\/10\" data-token=\"a8f2456fc80acd3efa2cbc84ec778e96\" data-token-time=\"1775913954\"><noscript class=\"wpforms-error-noscript\">Please enable JavaScript in your browser to complete this form.<\/noscript><div class=\"wpforms-hidden\" id=\"wpforms-error-noscript\">Please enable JavaScript in your browser to complete this form.<\/div><div class=\"wpforms-field-container\"><div id=\"wpforms-24-field_1-container\" class=\"wpforms-field wpforms-field-text\" data-field-id=\"1\"><label class=\"wpforms-field-label wpforms-label-hide\" for=\"wpforms-24-field_1\" aria-hidden=\"false\">Apellidos <span class=\"wpforms-required-label\" aria-hidden=\"true\">*<\/span><\/label><input type=\"text\" id=\"wpforms-24-field_1\" class=\"wpforms-field-large wpforms-field-required\" name=\"wpforms[fields][1]\" placeholder=\"Apellidos\" aria-errormessage=\"wpforms-24-field_1-error\" required><\/div><div id=\"wpforms-24-field_2-container\" class=\"wpforms-field wpforms-field-text\" data-field-id=\"2\"><label class=\"wpforms-field-label wpforms-label-hide\" for=\"wpforms-24-field_2\" aria-hidden=\"false\">Nombres <span class=\"wpforms-required-label\" aria-hidden=\"true\">*<\/span><\/label><input type=\"text\" id=\"wpforms-24-field_2\" class=\"wpforms-field-large wpforms-field-required\" name=\"wpforms[fields][2]\" placeholder=\"Nombres\" aria-errormessage=\"wpforms-24-field_2-error\" required><\/div><div id=\"wpforms-24-field_3-container\" class=\"wpforms-field wpforms-field-text\" data-field-id=\"3\"><label class=\"wpforms-field-label wpforms-label-hide\" for=\"wpforms-24-field_3\" aria-hidden=\"false\">DNI <span class=\"wpforms-required-label\" aria-hidden=\"true\">*<\/span><\/label><input type=\"text\" id=\"wpforms-24-field_3\" class=\"wpforms-field-large wpforms-field-required\" name=\"wpforms[fields][3]\" placeholder=\"DNI\" aria-errormessage=\"wpforms-24-field_3-error\" required><\/div><div id=\"wpforms-24-field_4-container\" class=\"wpforms-field wpforms-field-text\" data-field-id=\"4\"><label class=\"wpforms-field-label wpforms-label-hide\" for=\"wpforms-24-field_4\" aria-hidden=\"false\">CUIL <span class=\"wpforms-required-label\" aria-hidden=\"true\">*<\/span><\/label><input type=\"text\" id=\"wpforms-24-field_4\" class=\"wpforms-field-large wpforms-field-required\" name=\"wpforms[fields][4]\" placeholder=\"CUIL\" aria-errormessage=\"wpforms-24-field_4-error\" required><\/div><div id=\"wpforms-24-field_5-container\" class=\"wpforms-field wpforms-field-text\" data-field-id=\"5\"><label class=\"wpforms-field-label wpforms-label-hide\" for=\"wpforms-24-field_5\" aria-hidden=\"false\">CUIT de la empresa <span class=\"wpforms-required-label\" aria-hidden=\"true\">*<\/span><\/label><input type=\"text\" id=\"wpforms-24-field_5\" class=\"wpforms-field-large wpforms-field-required\" name=\"wpforms[fields][5]\" placeholder=\"CUIT de la empresa\" aria-errormessage=\"wpforms-24-field_5-error\" required><\/div><div id=\"wpforms-24-field_6-container\" class=\"wpforms-field wpforms-field-text\" data-field-id=\"6\"><label class=\"wpforms-field-label wpforms-label-hide\" for=\"wpforms-24-field_6\" aria-hidden=\"false\">Fecha de ingreso a la empresa <span class=\"wpforms-required-label\" aria-hidden=\"true\">*<\/span><\/label><input type=\"text\" id=\"wpforms-24-field_6\" class=\"wpforms-field-large wpforms-field-required\" name=\"wpforms[fields][6]\" placeholder=\"Fecha de ingreso a la empresa\" aria-errormessage=\"wpforms-24-field_6-error\" required><\/div><div id=\"wpforms-24-field_7-container\" class=\"wpforms-field wpforms-field-number\" data-field-id=\"7\"><label class=\"wpforms-field-label wpforms-label-hide\" for=\"wpforms-24-field_7\" aria-hidden=\"false\">Tel\u00e9fono Particular <span class=\"wpforms-required-label\" aria-hidden=\"true\">*<\/span><\/label><input type=\"number\" id=\"wpforms-24-field_7\" class=\"wpforms-field-large wpforms-field-required\" name=\"wpforms[fields][7]\" placeholder=\"Tel\u00e9fono Particular\" aria-errormessage=\"wpforms-24-field_7-error\" required><\/div><div id=\"wpforms-24-field_8-container\" class=\"wpforms-field wpforms-field-number\" data-field-id=\"8\"><label class=\"wpforms-field-label wpforms-label-hide\" for=\"wpforms-24-field_8\" aria-hidden=\"false\">Celular <span class=\"wpforms-required-label\" aria-hidden=\"true\">*<\/span><\/label><input type=\"number\" id=\"wpforms-24-field_8\" class=\"wpforms-field-large wpforms-field-required\" name=\"wpforms[fields][8]\" placeholder=\"Celular\" aria-errormessage=\"wpforms-24-field_8-error\" required><\/div><div id=\"wpforms-24-field_9-container\" class=\"wpforms-field wpforms-field-email\" data-field-id=\"9\"><label class=\"wpforms-field-label wpforms-label-hide\" for=\"wpforms-24-field_9\" aria-hidden=\"false\">Email <span class=\"wpforms-required-label\" aria-hidden=\"true\">*<\/span><\/label><input type=\"email\" id=\"wpforms-24-field_9\" class=\"wpforms-field-large wpforms-field-required\" name=\"wpforms[fields][9]\" placeholder=\"Email\" spellcheck=\"false\" aria-errormessage=\"wpforms-24-field_9-error\" required><\/div><div id=\"wpforms-24-field_10-container\" class=\"wpforms-field wpforms-field-text\" data-field-id=\"10\"><label class=\"wpforms-field-label wpforms-label-hide\" for=\"wpforms-24-field_10\" aria-hidden=\"false\">Domicilio Laboral <span class=\"wpforms-required-label\" aria-hidden=\"true\">*<\/span><\/label><input type=\"text\" id=\"wpforms-24-field_10\" class=\"wpforms-field-large wpforms-field-required\" name=\"wpforms[fields][10]\" placeholder=\"Calle\" aria-errormessage=\"wpforms-24-field_10-error\" required><\/div><div id=\"wpforms-24-field_11-container\" class=\"wpforms-field wpforms-field-text\" data-field-id=\"11\"><label class=\"wpforms-field-label wpforms-label-hide\" for=\"wpforms-24-field_11\" aria-hidden=\"false\">Altura <span class=\"wpforms-required-label\" aria-hidden=\"true\">*<\/span><\/label><input type=\"text\" id=\"wpforms-24-field_11\" class=\"wpforms-field-large wpforms-field-required\" name=\"wpforms[fields][11]\" placeholder=\"Altura\" aria-errormessage=\"wpforms-24-field_11-error\" required><\/div><div id=\"wpforms-24-field_13-container\" class=\"wpforms-field wpforms-field-select wpforms-field-select-style-classic\" data-field-id=\"13\"><label class=\"wpforms-field-label wpforms-label-hide\" for=\"wpforms-24-field_13\" aria-hidden=\"false\">Seleccionar ciudad <span class=\"wpforms-required-label\" aria-hidden=\"true\">*<\/span><\/label><select id=\"wpforms-24-field_13\" class=\"wpforms-field-large wpforms-field-required\" name=\"wpforms[fields][13]\" required=\"required\"><option value=\"\" class=\"placeholder\" disabled  selected='selected'>Selecciona ciudad<\/option><option value=\"CABA\" >CABA<\/option><option value=\"Buenos Aires\" >Buenos Aires<\/option><option value=\"Catamarca\" >Catamarca<\/option><option value=\"Chaco\" >Chaco<\/option><option value=\"Chubut\" >Chubut<\/option><option value=\"C\u00f3rdoba\" >C\u00f3rdoba<\/option><option value=\"Corrientes\" >Corrientes<\/option><option value=\"Entre R\u00edos\" >Entre R\u00edos<\/option><option value=\"Formosa\" >Formosa<\/option><option value=\"Jujuy\" >Jujuy<\/option><option value=\"La Pampa\" >La Pampa<\/option><option value=\"La Rioja\" >La Rioja<\/option><option value=\"Mendoza\" >Mendoza<\/option><option value=\"Misiones\" >Misiones<\/option><option value=\"Neuqu\u00e9n\" >Neuqu\u00e9n<\/option><option value=\"R\u00edo Negro\" >R\u00edo Negro<\/option><option value=\"Salta\" >Salta<\/option><option value=\"San Juan\" >San Juan<\/option><option value=\"San Luis\" >San Luis<\/option><option value=\"Santa Cruz\" >Santa Cruz<\/option><option value=\"Santa F\u00e9\" >Santa F\u00e9<\/option><option value=\"Santiago del Estero\" >Santiago del Estero<\/option><option value=\"Tierra del fuego\" >Tierra del fuego<\/option><option value=\"Tucum\u00e1n\" >Tucum\u00e1n<\/option><\/select><\/div><\/div><!-- .wpforms-field-container --><div class=\"wpforms-submit-container\" ><input type=\"hidden\" name=\"wpforms[id]\" value=\"24\"><input type=\"hidden\" name=\"page_title\" value=\"\"><input type=\"hidden\" name=\"page_url\" value=\"https:\/\/atsa.org.ar\/preafiliacion\/wp-json\/wp\/v2\/pages\/10\"><button type=\"submit\" name=\"wpforms[submit]\" id=\"wpforms-submit-24\" class=\"wpforms-submit\" data-alt-text=\"Enviando ...\" data-submit-text=\"Enviar informaci\u00f3n\" aria-live=\"assertive\" value=\"wpforms-submit\">Enviar informaci\u00f3n<\/button><img decoding=\"async\" src=\"https:\/\/atsa.org.ar\/preafiliacion\/wp-content\/plugins\/wpforms-lite\/assets\/images\/submit-spin.svg\" class=\"wpforms-submit-spinner\" style=\"display: none;\" width=\"26\" height=\"26\" alt=\"Loading\"><\/div><\/form><\/div>  <!-- .wpforms-container -->\t\t<\/div>\n\t\t\t\t<\/div>\n\t\t\t\t<\/div>\n\t\t\t\t\t<\/div>\n\t\t\t\t<\/div>\n\t\t\t\t<\/div>\n\t\t","protected":false},"excerpt":{"rendered":"<p>VIV\u00cd EL SINDICATO M\u00c1S GRANDE DE CAPITAL FEDERAL #VIV\u00cdSANIDAD CONOC\u00c9 TODO LO QUE TENEMOS PARA VOS AC\u00c1 Ingres\u00e1 a Atsa.org.ar Hac\u00e9 tu pre-afiliaci\u00f3n on line Los datos que te pedimos a continuaci\u00f3n pod\u00e9s encontrarlos en tu recibo de sueldo. Complet\u00e1 el formulario y te llamamos para contarte c\u00f3mo sumarte. Please enable JavaScript in your browser [&hellip;]<\/p>\n","protected":false},"author":1,"featured_media":0,"parent":0,"menu_order":0,"comment_status":"closed","ping_status":"closed","template":"elementor_canvas","meta":{"footnotes":""},"class_list":["post-10","page","type-page","status-publish","hentry"],"_links":{"self":[{"href":"https:\/\/atsa.org.ar\/preafiliacion\/wp-json\/wp\/v2\/pages\/10","targetHints":{"allow":["GET"]}}],"collection":[{"href":"https:\/\/atsa.org.ar\/preafiliacion\/wp-json\/wp\/v2\/pages"}],"about":[{"href":"https:\/\/atsa.org.ar\/preafiliacion\/wp-json\/wp\/v2\/types\/page"}],"author":[{"embeddable":true,"href":"https:\/\/atsa.org.ar\/preafiliacion\/wp-json\/wp\/v2\/users\/1"}],"replies":[{"embeddable":true,"href":"https:\/\/atsa.org.ar\/preafiliacion\/wp-json\/wp\/v2\/comments?post=10"}],"version-history":[{"count":97,"href":"https:\/\/atsa.org.ar\/preafiliacion\/wp-json\/wp\/v2\/pages\/10\/revisions"}],"predecessor-version":[{"id":120,"href":"https:\/\/atsa.org.ar\/preafiliacion\/wp-json\/wp\/v2\/pages\/10\/revisions\/120"}],"wp:attachment":[{"href":"https:\/\/atsa.org.ar\/preafiliacion\/wp-json\/wp\/v2\/media?parent=10"}],"curies":[{"name":"wp","href":"https:\/\/api.w.org\/{rel}","templated":true}]}}